{"id":79,"date":"2019-12-26T11:28:29","date_gmt":"2019-12-26T14:28:29","guid":{"rendered":"http:\/\/premiumrs.com.br\/catalogo\/?post_type=product&#038;p=79"},"modified":"2020-03-23T18:25:28","modified_gmt":"2020-03-23T21:25:28","slug":"control-no-mess-200ml-leavi","status":"publish","type":"product","link":"http:\/\/premiumrs.com.br\/catalogo\/produto\/control-no-mess-200ml-leavi\/","title":{"rendered":"Control No Mess 200ml &#8211; Leavi"},"content":{"rendered":"<p>No Mess \u00e9 um super condicionador em forma de spray sem enx\u00e1gue,\u00a0 com alto poder desembara\u00e7ante e protetor t\u00e9rmico.<\/p>\n<p>Borrifar nos cabelos \u00famidos e finalizar se desejar.<\/p>\n<p>A Linha Control \u00e9 indicada para cabelos armados e volumosos, com progressiva ou qualquer tipo de qu\u00edmica. Pode ser usada diariamente. proporciona redu\u00e7\u00e3o de volume, menos frizz, desembara\u00e7o, limpeza suave e tratamento. Sua a\u00e7\u00e3o \u00e9 potencializada pelo \u2018Green Coffee\u2019 que melhora o aporte de nutrientes entre os fios. Sua alta a\u00e7\u00e3o antioxidante protege os fios das agress\u00f5es di\u00e1rias. Sem Sal.<\/p>\n<p>Embalagem 200ml.<\/p>\n<p>Shampoo 300ml, Condicionador 300g, M\u00e1scara 300g e Intense 300g.<\/p>\n","protected":false},"excerpt":{"rendered":"<p>No Mess \u00e9 um super condicionador em forma de spray sem enx\u00e1gue,\u00a0 com alto poder desembara\u00e7ante e protetor t\u00e9rmico. Borrifar nos cabelos \u00famidos e finalizar se desejar. A Linha Control \u00e9 indicada para cabelos armados e volumosos, com progressiva ou qualquer tipo de qu\u00edmica. Pode ser usada diariamente. proporciona redu\u00e7\u00e3o de volume, menos frizz, desembara\u00e7o, [&hellip;]<\/p>\n","protected":false},"featured_media":80,"template":"","meta":[],"product_cat":[36,39,70,37,64,43,61,27,65,32,63,45,30],"product_tag":[],"class_list":{"0":"post-79","1":"product","2":"type-product","3":"status-publish","4":"has-post-thumbnail","6":"product_cat-pos-coloracao","7":"product_cat-cabelos-danificados","8":"product_cat-cabelos-descoloridos","9":"product_cat-volume","10":"product_cat-defrizantes","11":"product_cat-leave-in","12":"product_cat-leave-in-finalizacao","13":"product_cat-leavi","14":"product_cat-oleos-e-reparadores","15":"product_cat-revenda","16":"product_cat-revenda-finalizacao","17":"product_cat-revenda-tratamento","18":"product_cat-tratamento","20":"first","21":"instock","22":"featured","23":"shipping-taxable","24":"purchasable","25":"product-type-simple"},"_links":{"self":[{"href":"http:\/\/premiumrs.com.br\/catalogo\/wp-json\/wp\/v2\/product\/79"}],"collection":[{"href":"http:\/\/premiumrs.com.br\/catalogo\/wp-json\/wp\/v2\/product"}],"about":[{"href":"http:\/\/premiumrs.com.br\/catalogo\/wp-json\/wp\/v2\/types\/product"}],"wp:featuredmedia":[{"embeddable":true,"href":"http:\/\/premiumrs.com.br\/catalogo\/wp-json\/wp\/v2\/media\/80"}],"wp:attachment":[{"href":"http:\/\/premiumrs.com.br\/catalogo\/wp-json\/wp\/v2\/media?parent=79"}],"wp:term":[{"taxonomy":"product_cat","embeddable":true,"href":"http:\/\/premiumrs.com.br\/catalogo\/wp-json\/wp\/v2\/product_cat?post=79"},{"taxonomy":"product_tag","embeddable":true,"href":"http:\/\/premiumrs.com.br\/catalogo\/wp-json\/wp\/v2\/product_tag?post=79"}],"curies":[{"name":"wp","href":"https:\/\/api.w.org\/{rel}","templated":true}]}}