{"id":68,"date":"2019-12-26T10:48:30","date_gmt":"2019-12-26T13:48:30","guid":{"rendered":"http:\/\/premiumrs.com.br\/catalogo\/?post_type=product&#038;p=68"},"modified":"2019-12-28T09:11:11","modified_gmt":"2019-12-28T12:11:11","slug":"silver-mask-900g-leavi","status":"publish","type":"product","link":"http:\/\/premiumrs.com.br\/catalogo\/produto\/silver-mask-900g-leavi\/","title":{"rendered":"Silver Mask 900g &#8211; Leavi"},"content":{"rendered":"<p>M\u00e1scara matizadora dos tons amarelados com alto poder de tratamento. Cont\u00e9m em sua f\u00f3rmula um complexo de prote\u00ednas (Phyto-queratina) que age nos cabelos loiros, grisalhos ou descoloridos. Forma um filme protetor , promovendo a\u00e7\u00e3o anti frizz, recuperando a fibra danificada e melhorando a macies e a emoli\u00eancia. Sua a\u00e7\u00e3o antioxidante \u00e9 obtida da combina\u00e7\u00e3o da Sericina com o \u2018Green Coffee\u2019. O pigmento violeta neutraliza a cor dourada dos fios promovendo um efeito platinado. pH 4,0 a 4,5<\/p>\n<p>Embalagem 900g<\/p>\n<p><em>Tamb\u00e9m dispon\u00edvel em embalagem de 300g<\/em><\/p>\n","protected":false},"excerpt":{"rendered":"<p>M\u00e1scara matizadora dos tons amarelados com alto poder de tratamento. Cont\u00e9m em sua f\u00f3rmula um complexo de prote\u00ednas (Phyto-queratina) que age nos cabelos loiros, grisalhos ou descoloridos. Forma um filme protetor , promovendo a\u00e7\u00e3o anti frizz, recuperando a fibra danificada e melhorando a macies e a emoli\u00eancia. Sua a\u00e7\u00e3o antioxidante \u00e9 obtida da combina\u00e7\u00e3o da [&hellip;]<\/p>\n","protected":false},"featured_media":69,"template":"","meta":[],"product_cat":[70,34,27,40,67,52,30],"product_tag":[],"class_list":{"0":"post-68","1":"product","2":"type-product","3":"status-publish","4":"has-post-thumbnail","6":"product_cat-cabelos-descoloridos","7":"product_cat-lavatorio","8":"product_cat-leavi","9":"product_cat-mascaras","10":"product_cat-matizadores","11":"product_cat-matizadores-lavatorio","12":"product_cat-tratamento","14":"first","15":"instock","16":"shipping-taxable","17":"purchasable","18":"product-type-simple"},"_links":{"self":[{"href":"http:\/\/premiumrs.com.br\/catalogo\/wp-json\/wp\/v2\/product\/68"}],"collection":[{"href":"http:\/\/premiumrs.com.br\/catalogo\/wp-json\/wp\/v2\/product"}],"about":[{"href":"http:\/\/premiumrs.com.br\/catalogo\/wp-json\/wp\/v2\/types\/product"}],"wp:featuredmedia":[{"embeddable":true,"href":"http:\/\/premiumrs.com.br\/catalogo\/wp-json\/wp\/v2\/media\/69"}],"wp:attachment":[{"href":"http:\/\/premiumrs.com.br\/catalogo\/wp-json\/wp\/v2\/media?parent=68"}],"wp:term":[{"taxonomy":"product_cat","embeddable":true,"href":"http:\/\/premiumrs.com.br\/catalogo\/wp-json\/wp\/v2\/product_cat?post=68"},{"taxonomy":"product_tag","embeddable":true,"href":"http:\/\/premiumrs.com.br\/catalogo\/wp-json\/wp\/v2\/product_tag?post=68"}],"curies":[{"name":"wp","href":"https:\/\/api.w.org\/{rel}","templated":true}]}}